{"id":14,"date":"2020-02-15T10:36:19","date_gmt":"2020-02-15T10:36:19","guid":{"rendered":"https:\/\/the7.io\/logistics\/?page_id=14"},"modified":"2023-07-17T13:43:39","modified_gmt":"2023-07-17T13:43:39","slug":"nuestra-flota","status":"publish","type":"page","link":"https:\/\/transportessonialopez.com\/index.php\/nuestra-flota\/","title":{"rendered":"Nuestra flota"},"content":{"rendered":"\t\t<div data-elementor-type=\"wp-page\" data-elementor-id=\"14\" class=\"elementor elementor-14\" data-elementor-post-type=\"page\">\n\t\t\t\t\t\t\t\t\t<section class=\"elementor-section elementor-top-section elementor-element elementor-element-24b9a80 elementor-section-content-middle elementor-section-boxed elementor-section-height-default elementor-section-height-default\" data-id=\"24b9a80\" data-element_type=\"section\">\n\t\t\t\t\t\t<div class=\"elementor-container elementor-column-gap-wider\">\n\t\t\t\t\t<div class=\"elementor-column elementor-col-50 elementor-top-column elementor-element elementor-element-3495067\" data-id=\"3495067\" data-element_type=\"column\">\n\t\t\t<div class=\"elementor-widget-wrap elementor-element-populated\">\n\t\t\t\t\t\t\t\t<div class=\"elementor-element elementor-element-2d6ff27 elementor-widget elementor-widget-heading\" data-id=\"2d6ff27\" data-element_type=\"widget\" data-widget_type=\"heading.default\">\n\t\t\t\t<div class=\"elementor-widget-container\">\n\t\t\t<h3 class=\"elementor-heading-title elementor-size-default\">Nuestros Veh\u00edculos<\/h3>\t\t<\/div>\n\t\t\t\t<\/div>\n\t\t\t\t\t<\/div>\n\t\t<\/div>\n\t\t\t\t<div class=\"elementor-column elementor-col-50 elementor-top-column elementor-element elementor-element-ad93ef6\" data-id=\"ad93ef6\" data-element_type=\"column\">\n\t\t\t<div class=\"elementor-widget-wrap elementor-element-populated\">\n\t\t\t\t\t\t\t\t<div class=\"elementor-element elementor-element-f7c9f2e elementor-widget__width-auto elementor-widget elementor-widget-heading\" data-id=\"f7c9f2e\" data-element_type=\"widget\" data-widget_type=\"heading.default\">\n\t\t\t\t<div class=\"elementor-widget-container\">\n\t\t\t<h3 class=\"elementor-heading-title elementor-size-default\">Potencia, Seguridad y Confiabilidad<\/h3>\t\t<\/div>\n\t\t\t\t<\/div>\n\t\t\t\t\t<\/div>\n\t\t<\/div>\n\t\t\t\t\t\t\t<\/div>\n\t\t<\/section>\n\t\t\t\t<section class=\"elementor-section elementor-top-section elementor-element elementor-element-e498666 elementor-section-boxed elementor-section-height-default elementor-section-height-default\" data-id=\"e498666\" data-element_type=\"section\">\n\t\t\t\t\t\t<div class=\"elementor-container elementor-column-gap-default\">\n\t\t\t\t\t<div class=\"elementor-column elementor-col-100 elementor-top-column elementor-element elementor-element-ea960c9\" data-id=\"ea960c9\" data-element_type=\"column\">\n\t\t\t<div class=\"elementor-widget-wrap elementor-element-populated\">\n\t\t\t\t\t\t\t\t<div class=\"elementor-element elementor-element-bb07448 elementor-widget elementor-widget-text-editor\" data-id=\"bb07448\" data-element_type=\"widget\" data-widget_type=\"text-editor.default\">\n\t\t\t\t<div class=\"elementor-widget-container\">\n\t\t\t\t\t\t\t<p>En Transportes Sonia Lopez, ofrecemos una flota de cabezas tractoras de las marcas MAN, Volvo e Iveco para el transporte de mercanc\u00edas peligrosas. Estas marcas son reconocidas por su rendimiento, seguridad y eficiencia en cada trayecto. Conf\u00eda en nuestra flota para un transporte confiable y seguro.<\/p>\t\t\t\t\t\t<\/div>\n\t\t\t\t<\/div>\n\t\t\t\t\t<\/div>\n\t\t<\/div>\n\t\t\t\t\t\t\t<\/div>\n\t\t<\/section>\n\t\t\t\t<section class=\"elementor-section elementor-top-section elementor-element elementor-element-89429a5 elementor-section-boxed elementor-section-height-default elementor-section-height-default\" data-id=\"89429a5\" data-element_type=\"section\">\n\t\t\t\t\t\t<div class=\"elementor-container elementor-column-gap-wider\">\n\t\t\t\t\t<div class=\"elementor-column elementor-col-100 elementor-top-column elementor-element elementor-element-7c339e62\" data-id=\"7c339e62\" data-element_type=\"column\">\n\t\t\t<div class=\"elementor-widget-wrap elementor-element-populated\">\n\t\t\t\t\t\t\t\t<div class=\"elementor-element elementor-element-aee4a1f preserve-img-ratio-cover elementor-widget elementor-widget-the7_elements\" data-id=\"aee4a1f\" data-element_type=\"widget\" data-widget_type=\"the7_elements.default\">\n\t\t\t\t<div class=\"elementor-widget-container\">\n\t\t\t<div class=\"portfolio-shortcode the7-elementor-widget the7_elements-aee4a1f mode-grid dt-css-grid-wrap classic-layout-list description-under-image meta-info-off content-bg-on resize-by-browser-width widget-with-filter loading-effect-none\" data-padding=\"60px\" data-mobile-columns-num=\"1\" data-tablet-columns-num=\"2\" data-desktop-columns-num=\"3\" data-wide-desktop-columns-num=\"3\" data-post-limit=\"-1\" data-pagination-mode=\"standard\" data-scroll-offset=\"\"><div class=\"dt-css-grid custom-pagination-handler\"><div class=\"visible wf-cell category-48\" data-post-id=\"494\" data-date=\"2020-02-19T23:46:00+00:00\" data-name=\"Tractoras MAN\"><article class=\"post visible post-494 transport type-transport status-publish has-post-thumbnail hentry transport_category-trucks\" data-name=\"Tractoras MAN\" data-date=\"2020-02-19T23:46:00+00:00\">\n\n\t<div class=\"post-thumbnail-wrap\">\n\t\t<div class=\"post-thumbnail\">\n\n\t\t\t<a class=\"post-thumbnail-rollover layzr-bg img-css-resize-wrapper\" aria-label=\"Post image\" href=\"https:\/\/transportessonialopez.com\/index.php\/transport\/tractoras-man\/\"><img fetchpriority=\"high\" decoding=\"async\" width=\"2048\" height=\"1536\" src=\"data:image\/svg+xml,%3Csvg%20xmlns%3D&#039;http%3A%2F%2Fwww.w3.org%2F2000%2Fsvg&#039;%20viewBox%3D&#039;0%200%202048%201536&#039;%2F%3E\" class=\"attachment-full size-full preload-me aspect lazy lazy-load\" alt=\"transporte de carga completa tractoras man\" sizes=\"(max-width: 2048px) 100vw, 2048px\" style=\"--ratio: 2048 \/ 1536;\" data-src=\"https:\/\/transportessonialopez.com\/wp-content\/uploads\/2023\/07\/IMG_3746-1.jpeg\" loading=\"eager\" data-srcset=\"https:\/\/transportessonialopez.com\/wp-content\/uploads\/2023\/07\/IMG_3746-1.jpeg 2048w, https:\/\/transportessonialopez.com\/wp-content\/uploads\/2023\/07\/IMG_3746-1-300x225.jpeg 300w, https:\/\/transportessonialopez.com\/wp-content\/uploads\/2023\/07\/IMG_3746-1-1024x768.jpeg 1024w, https:\/\/transportessonialopez.com\/wp-content\/uploads\/2023\/07\/IMG_3746-1-768x576.jpeg 768w, https:\/\/transportessonialopez.com\/wp-content\/uploads\/2023\/07\/IMG_3746-1-1536x1152.jpeg 1536w\" \/><span class=\"the7-hover-icon\"><i aria-hidden=\"true\" class=\"fas fa-ellipsis-h\"><\/i><\/span><\/a>\n\t\t<\/div>\n\t<\/div>\n\n\n<div class=\"post-entry-content\">\n\n\t<h3 class=\"ele-entry-title\"><a href=\"https:\/\/transportessonialopez.com\/index.php\/transport\/tractoras-man\/\" rel=\"bookmark\" title=\"Tractoras MAN\">Tractoras MAN<\/a><\/h3><div class=\"entry-excerpt\"><p>Nuestras tractoras MAN son reconocidas por su excelente rendimiento y confiabilidad en el transporte de mercanc\u00edas peligrosas<\/p>\n<\/div>\n<\/div><\/article><\/div><div class=\"visible wf-cell category-48\" data-post-id=\"481\" data-date=\"2020-02-19T23:26:55+00:00\" data-name=\"Tractoras Volvo\"><article class=\"post visible post-481 transport type-transport status-publish has-post-thumbnail hentry transport_category-trucks\" data-name=\"Tractoras Volvo\" data-date=\"2020-02-19T23:26:55+00:00\">\n\n\t<div class=\"post-thumbnail-wrap\">\n\t\t<div class=\"post-thumbnail\">\n\n\t\t\t<a class=\"post-thumbnail-rollover layzr-bg img-css-resize-wrapper\" aria-label=\"Post image\" href=\"https:\/\/transportessonialopez.com\/index.php\/transport\/tractora-volvo\/\"><img decoding=\"async\" width=\"609\" height=\"815\" src=\"data:image\/svg+xml,%3Csvg%20xmlns%3D&#039;http%3A%2F%2Fwww.w3.org%2F2000%2Fsvg&#039;%20viewBox%3D&#039;0%200%20609%20815&#039;%2F%3E\" class=\"attachment-full size-full preload-me aspect lazy lazy-load\" alt=\"volvo transporte de residuos\" sizes=\"(max-width: 609px) 100vw, 609px\" style=\"--ratio: 609 \/ 815;\" data-src=\"https:\/\/transportessonialopez.com\/wp-content\/uploads\/2023\/07\/1648-DRW-1.jpg\" loading=\"eager\" data-srcset=\"https:\/\/transportessonialopez.com\/wp-content\/uploads\/2023\/07\/1648-DRW-1.jpg 609w, https:\/\/transportessonialopez.com\/wp-content\/uploads\/2023\/07\/1648-DRW-1-224x300.jpg 224w\" \/><span class=\"the7-hover-icon\"><i aria-hidden=\"true\" class=\"fas fa-ellipsis-h\"><\/i><\/span><\/a>\n\t\t<\/div>\n\t<\/div>\n\n\n<div class=\"post-entry-content\">\n\n\t<h3 class=\"ele-entry-title\"><a href=\"https:\/\/transportessonialopez.com\/index.php\/transport\/tractora-volvo\/\" rel=\"bookmark\" title=\"Tractoras Volvo\">Tractoras Volvo<\/a><\/h3><div class=\"entry-excerpt\"><p>Nuestros veh\u00edculos Volvo son una elecci\u00f3n confiable y segura para el transporte de mercanc\u00edas peligrosas<\/p>\n<\/div>\n<\/div><\/article><\/div><div class=\"visible wf-cell category-48\" data-post-id=\"462\" data-date=\"2020-02-19T22:55:08+00:00\" data-name=\"Tractoras Iveco\"><article class=\"post visible post-462 transport type-transport status-publish has-post-thumbnail hentry transport_category-trucks\" data-name=\"Tractoras Iveco\" data-date=\"2020-02-19T22:55:08+00:00\">\n\n\t<div class=\"post-thumbnail-wrap\">\n\t\t<div class=\"post-thumbnail\">\n\n\t\t\t<a class=\"post-thumbnail-rollover layzr-bg img-css-resize-wrapper\" aria-label=\"Post image\" href=\"https:\/\/transportessonialopez.com\/index.php\/transport\/tractoras-iv\/\"><img decoding=\"async\" width=\"704\" height=\"750\" src=\"data:image\/svg+xml,%3Csvg%20xmlns%3D&#039;http%3A%2F%2Fwww.w3.org%2F2000%2Fsvg&#039;%20viewBox%3D&#039;0%200%20704%20750&#039;%2F%3E\" class=\"attachment-full size-full preload-me aspect lazy lazy-load\" alt=\"iveco transporte de mercanc\u00edas peligrosas\" sizes=\"(max-width: 704px) 100vw, 704px\" style=\"--ratio: 704 \/ 750;\" data-src=\"https:\/\/transportessonialopez.com\/wp-content\/uploads\/2023\/07\/Captura-de-pantalla-de-2023-07-14-15-51-21.png\" loading=\"eager\" data-srcset=\"https:\/\/transportessonialopez.com\/wp-content\/uploads\/2023\/07\/Captura-de-pantalla-de-2023-07-14-15-51-21.png 704w, https:\/\/transportessonialopez.com\/wp-content\/uploads\/2023\/07\/Captura-de-pantalla-de-2023-07-14-15-51-21-282x300.png 282w\" \/><span class=\"the7-hover-icon\"><i aria-hidden=\"true\" class=\"fas fa-ellipsis-h\"><\/i><\/span><\/a>\n\t\t<\/div>\n\t<\/div>\n\n\n<div class=\"post-entry-content\">\n\n\t<h3 class=\"ele-entry-title\"><a href=\"https:\/\/transportessonialopez.com\/index.php\/transport\/tractoras-iv\/\" rel=\"bookmark\" title=\"Tractoras Iveco\">Tractoras Iveco<\/a><\/h3><div class=\"entry-excerpt\"><p>Las cabezas tractoras Iveco son la elecci\u00f3n ideal para el transporte de mercanc\u00edas peligrosas<\/p>\n<\/div>\n<\/div><\/article><\/div><\/div><!-- iso-container|iso-grid --><\/div>\t\t<\/div>\n\t\t\t\t<\/div>\n\t\t\t\t\t<\/div>\n\t\t<\/div>\n\t\t\t\t\t\t\t<\/div>\n\t\t<\/section>\n\t\t\t\t\t\t\t<\/div>\n\t\t","protected":false},"excerpt":{"rendered":"<p>Nuestros Veh\u00edculos Potencia, Seguridad y Confiabilidad En Transportes Sonia Lopez, ofrecemos una flota de cabezas tractoras de las marcas MAN, Volvo e Iveco para el transporte de mercanc\u00edas peligrosas. Estas marcas son reconocidas por su rendimiento, seguridad y eficiencia en cada trayecto. Conf\u00eda en nuestra flota para un transporte confiable y seguro. Tractoras MAN Nuestros&hellip;<\/p>\n","protected":false},"author":1,"featured_media":0,"parent":0,"menu_order":30,"comment_status":"closed","ping_status":"closed","template":"","meta":{"footnotes":""},"class_list":["post-14","page","type-page","status-publish","hentry"],"yoast_head":"<!-- This site is optimized with the Yoast SEO plugin v21.1 - https:\/\/yoast.com\/wordpress\/plugins\/seo\/ -->\n<title>Nuestra flota - Transportes Sonia Lopez<\/title>\n<meta name=\"robots\" content=\"index, follow, max-snippet:-1, max-image-preview:large, max-video-preview:-1\" \/>\n<link rel=\"canonical\" href=\"https:\/\/transportessonialopez.com\/index.php\/nuestra-flota\/\" \/>\n<meta property=\"og:locale\" content=\"es_ES\" \/>\n<meta property=\"og:type\" content=\"article\" \/>\n<meta property=\"og:title\" content=\"Nuestra flota - Transportes Sonia Lopez\" \/>\n<meta property=\"og:description\" content=\"Nuestros Veh\u00edculos Potencia, Seguridad y Confiabilidad En Transportes Sonia Lopez, ofrecemos una flota de cabezas tractoras de las marcas MAN, Volvo e Iveco para el transporte de mercanc\u00edas peligrosas. Estas marcas son reconocidas por su rendimiento, seguridad y eficiencia en cada trayecto. Conf\u00eda en nuestra flota para un transporte confiable y seguro. Tractoras MAN Nuestros&hellip;\" \/>\n<meta property=\"og:url\" content=\"https:\/\/transportessonialopez.com\/index.php\/nuestra-flota\/\" \/>\n<meta property=\"og:site_name\" content=\"Transportes Sonia Lopez\" \/>\n<meta property=\"article:modified_time\" content=\"2023-07-17T13:43:39+00:00\" \/>\n<meta name=\"twitter:card\" content=\"summary_large_image\" \/>\n<meta name=\"twitter:label1\" content=\"Tiempo de lectura\" \/>\n\t<meta name=\"twitter:data1\" content=\"3 minutos\" \/>\n<script type=\"application\/ld+json\" class=\"yoast-schema-graph\">{\"@context\":\"https:\/\/schema.org\",\"@graph\":[{\"@type\":\"WebPage\",\"@id\":\"https:\/\/transportessonialopez.com\/index.php\/nuestra-flota\/\",\"url\":\"https:\/\/transportessonialopez.com\/index.php\/nuestra-flota\/\",\"name\":\"Nuestra flota - Transportes Sonia Lopez\",\"isPartOf\":{\"@id\":\"https:\/\/transportessonialopez.com\/#website\"},\"datePublished\":\"2020-02-15T10:36:19+00:00\",\"dateModified\":\"2023-07-17T13:43:39+00:00\",\"breadcrumb\":{\"@id\":\"https:\/\/transportessonialopez.com\/index.php\/nuestra-flota\/#breadcrumb\"},\"inLanguage\":\"es\",\"potentialAction\":[{\"@type\":\"ReadAction\",\"target\":[\"https:\/\/transportessonialopez.com\/index.php\/nuestra-flota\/\"]}]},{\"@type\":\"BreadcrumbList\",\"@id\":\"https:\/\/transportessonialopez.com\/index.php\/nuestra-flota\/#breadcrumb\",\"itemListElement\":[{\"@type\":\"ListItem\",\"position\":1,\"name\":\"Portada\",\"item\":\"https:\/\/transportessonialopez.com\/\"},{\"@type\":\"ListItem\",\"position\":2,\"name\":\"Nuestra flota\"}]},{\"@type\":\"WebSite\",\"@id\":\"https:\/\/transportessonialopez.com\/#website\",\"url\":\"https:\/\/transportessonialopez.com\/\",\"name\":\"Transportes Sonia Lopez\",\"description\":\"Transportamos sus mercanc&iacute;as peligrosas\",\"publisher\":{\"@id\":\"https:\/\/transportessonialopez.com\/#organization\"},\"potentialAction\":[{\"@type\":\"SearchAction\",\"target\":{\"@type\":\"EntryPoint\",\"urlTemplate\":\"https:\/\/transportessonialopez.com\/?s={search_term_string}\"},\"query-input\":\"required name=search_term_string\"}],\"inLanguage\":\"es\"},{\"@type\":\"Organization\",\"@id\":\"https:\/\/transportessonialopez.com\/#organization\",\"name\":\"Transportes Sonia Lopez\",\"url\":\"https:\/\/transportessonialopez.com\/\",\"logo\":{\"@type\":\"ImageObject\",\"inLanguage\":\"es\",\"@id\":\"https:\/\/transportessonialopez.com\/#\/schema\/logo\/image\/\",\"url\":\"https:\/\/transportessonialopez.com\/wp-content\/uploads\/2023\/06\/logo-sonia-lopez2.png\",\"contentUrl\":\"https:\/\/transportessonialopez.com\/wp-content\/uploads\/2023\/06\/logo-sonia-lopez2.png\",\"width\":1300,\"height\":1041,\"caption\":\"Transportes Sonia Lopez\"},\"image\":{\"@id\":\"https:\/\/transportessonialopez.com\/#\/schema\/logo\/image\/\"}}]}<\/script>\n<!-- \/ Yoast SEO plugin. -->","yoast_head_json":{"title":"Nuestra flota - Transportes Sonia Lopez","robots":{"index":"index","follow":"follow","max-snippet":"max-snippet:-1","max-image-preview":"max-image-preview:large","max-video-preview":"max-video-preview:-1"},"canonical":"https:\/\/transportessonialopez.com\/index.php\/nuestra-flota\/","og_locale":"es_ES","og_type":"article","og_title":"Nuestra flota - Transportes Sonia Lopez","og_description":"Nuestros Veh\u00edculos Potencia, Seguridad y Confiabilidad En Transportes Sonia Lopez, ofrecemos una flota de cabezas tractoras de las marcas MAN, Volvo e Iveco para el transporte de mercanc\u00edas peligrosas. Estas marcas son reconocidas por su rendimiento, seguridad y eficiencia en cada trayecto. Conf\u00eda en nuestra flota para un transporte confiable y seguro. Tractoras MAN Nuestros&hellip;","og_url":"https:\/\/transportessonialopez.com\/index.php\/nuestra-flota\/","og_site_name":"Transportes Sonia Lopez","article_modified_time":"2023-07-17T13:43:39+00:00","twitter_card":"summary_large_image","twitter_misc":{"Tiempo de lectura":"3 minutos"},"schema":{"@context":"https:\/\/schema.org","@graph":[{"@type":"WebPage","@id":"https:\/\/transportessonialopez.com\/index.php\/nuestra-flota\/","url":"https:\/\/transportessonialopez.com\/index.php\/nuestra-flota\/","name":"Nuestra flota - Transportes Sonia Lopez","isPartOf":{"@id":"https:\/\/transportessonialopez.com\/#website"},"datePublished":"2020-02-15T10:36:19+00:00","dateModified":"2023-07-17T13:43:39+00:00","breadcrumb":{"@id":"https:\/\/transportessonialopez.com\/index.php\/nuestra-flota\/#breadcrumb"},"inLanguage":"es","potentialAction":[{"@type":"ReadAction","target":["https:\/\/transportessonialopez.com\/index.php\/nuestra-flota\/"]}]},{"@type":"BreadcrumbList","@id":"https:\/\/transportessonialopez.com\/index.php\/nuestra-flota\/#breadcrumb","itemListElement":[{"@type":"ListItem","position":1,"name":"Portada","item":"https:\/\/transportessonialopez.com\/"},{"@type":"ListItem","position":2,"name":"Nuestra flota"}]},{"@type":"WebSite","@id":"https:\/\/transportessonialopez.com\/#website","url":"https:\/\/transportessonialopez.com\/","name":"Transportes Sonia Lopez","description":"Transportamos sus mercanc&iacute;as peligrosas","publisher":{"@id":"https:\/\/transportessonialopez.com\/#organization"},"potentialAction":[{"@type":"SearchAction","target":{"@type":"EntryPoint","urlTemplate":"https:\/\/transportessonialopez.com\/?s={search_term_string}"},"query-input":"required name=search_term_string"}],"inLanguage":"es"},{"@type":"Organization","@id":"https:\/\/transportessonialopez.com\/#organization","name":"Transportes Sonia Lopez","url":"https:\/\/transportessonialopez.com\/","logo":{"@type":"ImageObject","inLanguage":"es","@id":"https:\/\/transportessonialopez.com\/#\/schema\/logo\/image\/","url":"https:\/\/transportessonialopez.com\/wp-content\/uploads\/2023\/06\/logo-sonia-lopez2.png","contentUrl":"https:\/\/transportessonialopez.com\/wp-content\/uploads\/2023\/06\/logo-sonia-lopez2.png","width":1300,"height":1041,"caption":"Transportes Sonia Lopez"},"image":{"@id":"https:\/\/transportessonialopez.com\/#\/schema\/logo\/image\/"}}]}},"_links":{"self":[{"href":"https:\/\/transportessonialopez.com\/index.php\/wp-json\/wp\/v2\/pages\/14","targetHints":{"allow":["GET"]}}],"collection":[{"href":"https:\/\/transportessonialopez.com\/index.php\/wp-json\/wp\/v2\/pages"}],"about":[{"href":"https:\/\/transportessonialopez.com\/index.php\/wp-json\/wp\/v2\/types\/page"}],"author":[{"embeddable":true,"href":"https:\/\/transportessonialopez.com\/index.php\/wp-json\/wp\/v2\/users\/1"}],"replies":[{"embeddable":true,"href":"https:\/\/transportessonialopez.com\/index.php\/wp-json\/wp\/v2\/comments?post=14"}],"version-history":[{"count":4,"href":"https:\/\/transportessonialopez.com\/index.php\/wp-json\/wp\/v2\/pages\/14\/revisions"}],"predecessor-version":[{"id":10070,"href":"https:\/\/transportessonialopez.com\/index.php\/wp-json\/wp\/v2\/pages\/14\/revisions\/10070"}],"wp:attachment":[{"href":"https:\/\/transportessonialopez.com\/index.php\/wp-json\/wp\/v2\/media?parent=14"}],"curies":[{"name":"wp","href":"https:\/\/api.w.org\/{rel}","templated":true}]}}